{"id":1946,"date":"2020-07-20T17:29:55","date_gmt":"2020-07-20T15:29:55","guid":{"rendered":"https:\/\/www.ritterhaus.ch\/?page_id=1946"},"modified":"2025-12-04T16:52:44","modified_gmt":"2025-12-04T15:52:44","slug":"bistro-and-museum-shop","status":"publish","type":"page","link":"https:\/\/www.ritterhaus.ch\/en\/bistro-and-museum-shop\/","title":{"rendered":"Bistro and museum shop"},"content":{"rendered":"<section class=\"l-section wpb_row height_auto width_full\"><div class=\"l-section-h i-cf\"><div class=\"g-cols vc_row via_flex valign_top type_default stacking_default\"><div class=\"vc_col-sm-12 wpb_column vc_column_container\"><div class=\"vc_column-inner\"><div class=\"wpb_wrapper\"><section class=\"l-section wpb_row height_auto width_full\"><div class=\"l-section-h i-cf\"><div class=\"g-cols vc_row via_flex valign_top type_default stacking_default\"><div class=\"vc_col-sm-12 wpb_column vc_column_container\"><div class=\"vc_column-inner\"><div class=\"wpb_wrapper\"><div class=\"w-post-elm post_image fullWidth stretched\"><img loading=\"lazy\" decoding=\"async\" width=\"2560\" height=\"1120\" src=\"https:\/\/www.ritterhaus.ch\/wp-content\/uploads\/2020\/09\/P5080222_c1pro_167.jpg\" class=\"attachment-full size-full wp-post-image\" alt=\"\" srcset=\"https:\/\/www.ritterhaus.ch\/wp-content\/uploads\/2020\/09\/P5080222_c1pro_167.jpg 2560w, https:\/\/www.ritterhaus.ch\/wp-content\/uploads\/2020\/09\/P5080222_c1pro_167-300x131.jpg 300w, https:\/\/www.ritterhaus.ch\/wp-content\/uploads\/2020\/09\/P5080222_c1pro_167-1024x448.jpg 1024w\" sizes=\"auto, (max-width: 2560px) 100vw, 2560px\" \/><\/div><div class=\"g-cols wpb_row via_flex valign_top type_default stacking_default\"><div class=\"vc_col-sm-12 wpb_column vc_column_container\"><div class=\"vc_column-inner\"><div class=\"wpb_wrapper\"><section class=\"l-section wpb_row height_auto\"><div class=\"l-section-h i-cf\"><div class=\"g-cols vc_row via_flex valign_top type_default stacking_default\"><div class=\"vc_col-sm-12 wpb_column vc_column_container\"><div class=\"vc_column-inner\"><div class=\"wpb_wrapper\">[vc_raw_js]JTNDc2NyaXB0JTNFJTBBJTIwJTIwJTIwJTIwdmFyJTIwZCUyMCUzRCUyMG5ldyUyMERhdGUlMjglMjklM0IlMEElMjAlMjAlMjAlMjB2YXIlMjB0YWclMjAlM0QlMjBkLmdldERhdGUlMjglMjklM0IlMEElMjAlMjAlMjAlMjB2YXIlMjB3b2NoZW50YWclMjAlM0QlMjBkLmdldERheSUyOCUyOSUzQiUwQSUyMCUyMCUyMCUyMHZhciUyMG1vbmF0JTIwJTNEJTIwZC5nZXRNb250aCUyOCUyOSUyQjElM0IlMEElMjAlMjAlMjAlMjB2YXIlMjBqYWhyJTIwJTNEJTIwZC5nZXRGdWxsWWVhciUyOCUyOSUzQiUwQSUyMCUyMCUyMCUyMHZhciUyMG9mZmVuZU1vbnRhZ2UlMjAlM0QlMjAlNUIlMjIyNC0wNS0yMDIxJTIyJTJDJTIyMTgtMDQtMjAyMiUyMiUyQyUyMjA2LTA2LTIwMjIlMjIlMkMlMjIwMS0wOC0yMDIyJTIyJTJDJTIyMTAtMDQtMjAyMyUyMiUyQyUyMjAxLTA1LTIwMjMlMjIlMkMlMjIyOS0wNS0yMDIzJTIyJTJDJTIyMDEtMDQtMjAyNCUyMiUyQyUyMjIwLTA1LTIwMjQlMjIlNUQlM0IlMEElMjAlMjAlMjAlMjBpZiUyOHRhZyUzQzEwJTI5JTIwJTBBJTdCJTBBJTIwJTIwJTIwJTIwdGFnJTNEJTI3MCUyNyUyQnRhZyUzQiUwQSU3RCUyMCUwQSUwQWlmJTI4bW9uYXQlM0MxMSUyOSUyMCUwQSU3QiUwQSUyMCUyMCUyMCUyMG1vbmF0JTNEJTI3MCUyNyUyQm1vbmF0JTNCJTBBJTdEJTIwJTBBJTA5dmFyJTIwdXJsJTIwJTNEJTIwJTI3JTI3JTNCJTBBJTBBJTIwJTIwJTIwJTIwdmFyJTIwaGV1dGUlMjAlM0QlMjAlMjh0YWclMkIlMjctJTI3JTJCbW9uYXQlMkIlMjctJTI3JTJCamFociUyOSUzQiUwQSUyMCUyMCUyMCUyMGlmJTIwJTI4b2ZmZW5lTW9udGFnZS5pbmRleE9mJTI4aGV1dGUlMjklMjAlMkIxJTI5JTIwJTdCJTBBJTIwJTIwJTIwJTIwJTIwJTIwJTIwJTIwdmFyJTIwdXJsJTIwJTNEJTIwJTI3Z2VvZWZmbmV0JTI3JTNCJTBBJTIwJTIwJTIwJTIwJTdEJTBBJTBBJTA5aWYlMjglMjF1cmwlMjklMjAlN0IlMEElMDklMDl2YXIlMjB1cmwlMjAlM0QlMjAlMjdnZW9lZmZuZXQlMjclM0IlMEElMEElMDklMjAlMjAlMjAlMjBpZiUyMCUyOHdvY2hlbnRhZyUyMCUzRCUzRCUyMDElMjAlN0MlN0MlMjBtb25hdCUyMCUzRSUzRCUyMDExJTIwJTdDJTdDJTIwbW9uYXQlMjAlM0MlM0QlMjAzJTI5JTIwJTdCJTBBJTA5JTA5JTA5dmFyJTIwdXJsJTIwJTNEJTIwJTI3Z2VzY2hsb3NzZW4lMjclM0IlMEElMDklMDklN0QlMEElMDklN0QlMEElMEElMjAlMjAlMkYlMkYlMjAlMjBkb2N1bWVudC53cml0ZSUyMCUyOCUyMiUzQ3AlM0UlMjIlMkJvZmZlbmVNb250YWdlJTJCJTIyJTNDJTJGcCUzRSUyMiUyQmhldXRlJTJCJTI3JTIwJTIzJTIwJTI3JTJCJTI4b2ZmZW5lTW9udGFnZS5pbmRleE9mJTI4aGV1dGUlMjklMjAlMkIxJTI5JTI5JTNCJTBBJTIwJTIwJTJGJTJGJTIwJTIwZG9jdW1lbnQud3JpdGUlMjAlMjglMjIlM0NwJTNFJTIyJTJCdXJsJTJCJTIyJTNDJTJGcCUzRSUyMiUyOSUzQiUwQSUyMCUyMCUyMCUyMGRvY3VtZW50LndyaXRlJTI4JTIyJTNDaW1nJTIwY2xhc3MlM0QlMjdvZmZlbmdlc2NobG9zc2VuJTI3JTIwc3JjJTNEJTI3JTJGd3AtY29udGVudCUyRnRoZW1lcyUyRlJpdHRlcmhhdXMtQ2hpbGQlMkZpbWclMkZoZXV0ZS1lbi0lMjIlMkJ1cmwlMkIlMjIuc3ZnJTI3JTNFJTIyJTI5JTNCJTBBJTNDJTJGc2NyaXB0JTNF[\/vc_raw_js]<\/div><\/div><\/div><\/div><\/div><\/section>\n<\/div><\/div><\/div><\/div><\/div><\/div><\/div><\/div><\/div><\/section><section class=\"l-section wpb_row us_custom_d9d2068f height_auto\"><div class=\"l-section-h i-cf\"><div class=\"g-cols vc_row via_flex valign_top type_default stacking_default\"><div class=\"vc_col-sm-12 vc_hidden-xs wpb_column vc_column_container\"><div class=\"vc_column-inner\"><div class=\"wpb_wrapper\"><div class=\"w-image us_custom_253ff42a align_none\"><div class=\"w-image-h\"><img decoding=\"async\" src=\"https:\/\/www.ritterhaus.ch\/wp-content\/uploads\/2020\/06\/malteser-kreuz-rot.svg\" class=\"attachment-full size-full\" alt=\"\" loading=\"lazy\" \/><\/div><\/div><\/div><\/div><\/div><\/div><\/div><\/section>\n<\/div><\/div><\/div><\/div><\/div><\/section><section class=\"l-section wpb_row contentSchmal height_medium\"><div class=\"l-section-h i-cf\"><div class=\"g-cols vc_row via_flex valign_top type_default stacking_default\"><div class=\"vc_col-sm-12 wpb_column vc_column_container\"><div class=\"vc_column-inner\"><div class=\"wpb_wrapper\"><div class=\"wpb_text_column lead\"><div class=\"wpb_wrapper\"><h1>Bistro and museum shop<\/h1>\n<p>From a delicious snack to a stimulating read or a surprising souvenir &#8211; the Ritterhaus bistro and museum shop offer everything you need to relax and deepen your knowledge after an interesting visit to the exhibition.<\/p>\n<\/div><\/div><div class=\"w-image us_custom_6187a5cd align_none\"><div class=\"w-image-h\"><img decoding=\"async\" width=\"2560\" height=\"1707\" src=\"https:\/\/www.ritterhaus.ch\/wp-content\/uploads\/2020\/08\/P5080233_c1pro.jpg\" class=\"attachment-full size-full\" alt=\"\" loading=\"lazy\" srcset=\"https:\/\/www.ritterhaus.ch\/wp-content\/uploads\/2020\/08\/P5080233_c1pro.jpg 2560w, https:\/\/www.ritterhaus.ch\/wp-content\/uploads\/2020\/08\/P5080233_c1pro-300x200.jpg 300w, https:\/\/www.ritterhaus.ch\/wp-content\/uploads\/2020\/08\/P5080233_c1pro-1024x683.jpg 1024w\" sizes=\"auto, (max-width: 2560px) 100vw, 2560px\" \/><\/div><\/div><div class=\"wpb_text_column\"><div class=\"wpb_wrapper\"><p>During the museum&#8217;s opening hours from April to October, the bistro on the courtyard becomes a meeting place for visitors to the Ritterhaus. In addition to drinks, fresh delicacies and ice cream are available daily.<\/p>\n<p><strong>Opening hours from April to October:<\/strong>Tuesday to Friday 1-5pm<br \/>\nWeekends and public holidays 10 am &#8211; 5 pm<br \/>\nClosed on Mondays (except public holidays)<\/p>\n<p>Weather permitting, the bistro is open until 6pm on Friday, Saturday and Sunday from May to September.<\/p>\n<\/div><\/div><div class=\"w-image us_custom_6187a5cd align_none\"><div class=\"w-image-h\"><img decoding=\"async\" width=\"2560\" height=\"1642\" src=\"https:\/\/www.ritterhaus.ch\/wp-content\/uploads\/2020\/09\/aussen_cafe_im_zuercher_oberland_IMG_2429.jpg\" class=\"attachment-full size-full\" alt=\"\" loading=\"lazy\" srcset=\"https:\/\/www.ritterhaus.ch\/wp-content\/uploads\/2020\/09\/aussen_cafe_im_zuercher_oberland_IMG_2429.jpg 2560w, https:\/\/www.ritterhaus.ch\/wp-content\/uploads\/2020\/09\/aussen_cafe_im_zuercher_oberland_IMG_2429-300x192.jpg 300w, https:\/\/www.ritterhaus.ch\/wp-content\/uploads\/2020\/09\/aussen_cafe_im_zuercher_oberland_IMG_2429-1024x657.jpg 1024w\" sizes=\"auto, (max-width: 2560px) 100vw, 2560px\" \/><\/div><\/div><div class=\"wpb_text_column\"><div class=\"wpb_wrapper\"><h2>Taking the knight&#8217;s house home<\/h2>\n<p>In our small museum shop you will find thematically appropriate souvenirs as well as a selection of interesting books and publications.<\/p>\n<ul>\n<li>Annemarie Burkard, Hans Frei, Daniela Tracht: Epochen-Kr\u00e4utergarten, Gartenf\u00fchrer, 2012<\/li>\n<li>Festschrift \u2013 75 Jahre Ritterhausgesellschaft Bubikon (1936\u20132011), 2011<\/li>\n<li>Markus Br\u00fchlmeier, Michael Tomaschett: Johanniterkommende Bubikon \u00abKreuz und Quer\u00bb, Museumsf\u00fchrer, 2000 (in Deutsch, Englisch und Franz\u00f6sisch erh\u00e4ltlich)<\/li>\n<li>Frida B\u00fcnzli: Ritterhaus Bubikon, herausgegeben von Markus Br\u00fchlmeier, 1999<\/li>\n<li>Jahrhefte der Ritterhausgesellschaft<\/li>\n<\/ul>\n<\/div><\/div><\/div><\/div><\/div><\/div><\/div><\/section><section class=\"l-section wpb_row height_medium\"><div class=\"l-section-h i-cf\"><div class=\"g-cols vc_row via_flex valign_top type_default stacking_default\"><div class=\"vc_col-sm-12 wpb_column vc_column_container\"><div class=\"vc_column-inner\"><div class=\"wpb_wrapper\"><section class=\"l-section wpb_row height_medium width_full\"><div class=\"l-section-h i-cf\"><div class=\"g-cols vc_row via_flex valign_top type_default stacking_default\"><div class=\"vc_col-sm-12 wpb_column vc_column_container\"><div class=\"vc_column-inner\"><div class=\"wpb_wrapper\"><div class=\"wpb_text_column\"><div class=\"wpb_wrapper\"><p><strong>You might also be interested in<\/strong><\/p>\n<\/div><\/div><div class=\"g-cols wpb_row via_flex valign_top type_default stacking_default\"><div class=\"vc_col-sm-4 wpb_column vc_column_container\"><div class=\"vc_column-inner\"><div class=\"wpb_wrapper\"><div class=\"wpb_text_column\"><div class=\"wpb_wrapper\"><h2>Your wedding<\/h2>\n<p><a href=\"https:\/\/www.ritterhaus.ch\/en\/getting-married-in-the-knights-house\/\"><img loading=\"lazy\" decoding=\"async\" class=\"alignnone wp-image-421 size-full\" src=\"https:\/\/www.ritterhaus.ch\/wp-content\/uploads\/2020\/08\/tischgedeck_20190427-11.jpg\" alt=\"Heiraten im Ritterhaus Z\u00fcrcher Oberland\" width=\"2560\" height=\"1708\" srcset=\"https:\/\/www.ritterhaus.ch\/wp-content\/uploads\/2020\/08\/tischgedeck_20190427-11.jpg 2560w, https:\/\/www.ritterhaus.ch\/wp-content\/uploads\/2020\/08\/tischgedeck_20190427-11-300x200.jpg 300w, https:\/\/www.ritterhaus.ch\/wp-content\/uploads\/2020\/08\/tischgedeck_20190427-11-1024x683.jpg 1024w\" sizes=\"auto, (max-width: 2560px) 100vw, 2560px\" \/><\/a><\/p>\n<\/div><\/div><\/div><\/div><\/div><div class=\"vc_col-sm-4 wpb_column vc_column_container\"><div class=\"vc_column-inner\"><div class=\"wpb_wrapper\"><div class=\"wpb_text_column\"><div class=\"wpb_wrapper\"><h2>Become a member<\/h2>\n<p><a href=\"https:\/\/www.ritterhaus.ch\/en\/society-of-the-knights-house\/\"><img loading=\"lazy\" decoding=\"async\" class=\"alignnone wp-image-2005 size-full\" src=\"https:\/\/www.ritterhaus.ch\/wp-content\/uploads\/2023\/02\/rhg_heart.jpg\" alt=\"\" width=\"1416\" height=\"944\" srcset=\"https:\/\/www.ritterhaus.ch\/wp-content\/uploads\/2023\/02\/rhg_heart.jpg 1416w, https:\/\/www.ritterhaus.ch\/wp-content\/uploads\/2023\/02\/rhg_heart-300x200.jpg 300w, https:\/\/www.ritterhaus.ch\/wp-content\/uploads\/2023\/02\/rhg_heart-1024x683.jpg 1024w, https:\/\/www.ritterhaus.ch\/wp-content\/uploads\/2023\/02\/rhg_heart-1320x880.jpg 1320w\" sizes=\"auto, (max-width: 1416px) 100vw, 1416px\" \/><\/a><\/p>\n<\/div><\/div><\/div><\/div><\/div><\/div><\/div><\/div><\/div><\/div><\/div><\/section>\n<\/div><\/div><\/div><\/div><\/div><\/section><section class=\"l-section wpb_row height_medium\"><div class=\"l-section-h i-cf\"><div class=\"g-cols vc_row via_flex valign_top type_default stacking_default\"><div class=\"vc_col-sm-12 wpb_column vc_column_container\"><div class=\"vc_column-inner\"><div class=\"wpb_wrapper\"><\/div><\/div><\/div><\/div><\/div><\/section>\n","protected":false},"excerpt":{"rendered":"[vc_raw_js]JTNDc2NyaXB0JTNFJTBBJTIwJTIwJTIwJTIwdmFyJTIwZCUyMCUzRCUyMG5ldyUyMERhdGUlMjglMjklM0IlMEElMjAlMjAlMjAlMjB2YXIlMjB0YWclMjAlM0QlMjBkLmdldERhdGUlMjglMjklM0IlMEElMjAlMjAlMjAlMjB2YXIlMjB3b2NoZW50YWclMjAlM0QlMjBkLmdldERheSUyOCUyOSUzQiUwQSUyMCUyMCUyMCUyMHZhciUyMG1vbmF0JTIwJTNEJTIwZC5nZXRNb250aCUyOCUyOSUyQjElM0IlMEElMjAlMjAlMjAlMjB2YXIlMjBqYWhyJTIwJTNEJTIwZC5nZXRGdWxsWWVhciUyOCUyOSUzQiUwQSUyMCUyMCUyMCUyMHZhciUyMG9mZmVuZU1vbnRhZ2UlMjAlM0QlMjAlNUIlMjIyNC0wNS0yMDIxJTIyJTJDJTIyMTgtMDQtMjAyMiUyMiUyQyUyMjA2LTA2LTIwMjIlMjIlMkMlMjIwMS0wOC0yMDIyJTIyJTJDJTIyMTAtMDQtMjAyMyUyMiUyQyUyMjAxLTA1LTIwMjMlMjIlMkMlMjIyOS0wNS0yMDIzJTIyJTJDJTIyMDEtMDQtMjAyNCUyMiUyQyUyMjIwLTA1LTIwMjQlMjIlNUQlM0IlMEElMjAlMjAlMjAlMjBpZiUyOHRhZyUzQzEwJTI5JTIwJTBBJTdCJTBBJTIwJTIwJTIwJTIwdGFnJTNEJTI3MCUyNyUyQnRhZyUzQiUwQSU3RCUyMCUwQSUwQWlmJTI4bW9uYXQlM0MxMSUyOSUyMCUwQSU3QiUwQSUyMCUyMCUyMCUyMG1vbmF0JTNEJTI3MCUyNyUyQm1vbmF0JTNCJTBBJTdEJTIwJTBBJTA5dmFyJTIwdXJsJTIwJTNEJTIwJTI3JTI3JTNCJTBBJTBBJTIwJTIwJTIwJTIwdmFyJTIwaGV1dGUlMjAlM0QlMjAlMjh0YWclMkIlMjctJTI3JTJCbW9uYXQlMkIlMjctJTI3JTJCamFociUyOSUzQiUwQSUyMCUyMCUyMCUyMGlmJTIwJTI4b2ZmZW5lTW9udGFnZS5pbmRleE9mJTI4aGV1dGUlMjklMjAlMkIxJTI5JTIwJTdCJTBBJTIwJTIwJTIwJTIwJTIwJTIwJTIwJTIwdmFyJTIwdXJsJTIwJTNEJTIwJTI3Z2VvZWZmbmV0JTI3JTNCJTBBJTIwJTIwJTIwJTIwJTdEJTBBJTBBJTA5aWYlMjglMjF1cmwlMjklMjAlN0IlMEElMDklMDl2YXIlMjB1cmwlMjAlM0QlMjAlMjdnZW9lZmZuZXQlMjclM0IlMEElMEElMDklMjAlMjAlMjAlMjBpZiUyMCUyOHdvY2hlbnRhZyUyMCUzRCUzRCUyMDElMjAlN0MlN0MlMjBtb25hdCUyMCUzRSUzRCUyMDExJTIwJTdDJTdDJTIwbW9uYXQlMjAlM0MlM0QlMjAzJTI5JTIwJTdCJTBBJTA5JTA5JTA5dmFyJTIwdXJsJTIwJTNEJTIwJTI3Z2VzY2hsb3NzZW4lMjclM0IlMEElMDklMDklN0QlMEElMDklN0QlMEElMEElMjAlMjAlMkYlMkYlMjAlMjBkb2N1bWVudC53cml0ZSUyMCUyOCUyMiUzQ3AlM0UlMjIlMkJvZmZlbmVNb250YWdlJTJCJTIyJTNDJTJGcCUzRSUyMiUyQmhldXRlJTJCJTI3JTIwJTIzJTIwJTI3JTJCJTI4b2ZmZW5lTW9udGFnZS5pbmRleE9mJTI4aGV1dGUlMjklMjAlMkIxJTI5JTI5JTNCJTBBJTIwJTIwJTJGJTJGJTIwJTIwZG9jdW1lbnQud3JpdGUlMjAlMjglMjIlM0NwJTNFJTIyJTJCdXJsJTJCJTIyJTNDJTJGcCUzRSUyMiUyOSUzQiUwQSUyMCUyMCUyMCUyMGRvY3VtZW50LndyaXRlJTI4JTIyJTNDaW1nJTIwY2xhc3MlM0QlMjdvZmZlbmdlc2NobG9zc2VuJTI3JTIwc3JjJTNEJTI3JTJGd3AtY29udGVudCUyRnRoZW1lcyUyRlJpdHRlcmhhdXMtQ2hpbGQlMkZpbWclMkZoZXV0ZS1lbi0lMjIlMkJ1cmwlMkIlMjIuc3ZnJTI3JTNFJTIyJTI5JTNCJTBBJTNDJTJGc2NyaXB0JTNF[\/vc_raw_js] Bistro and museum shop From a delicious snack to a stimulating read or a surprising souvenir &#8211; the Ritterhaus bistro and museum shop offer everything you need to relax and deepen your knowledge after an interesting visit to the exhibition. During the museum&#8217;s opening hours from April to October, the bistro on the courtyard...","protected":false},"author":2,"featured_media":1713,"parent":0,"menu_order":0,"comment_status":"closed","ping_status":"closed","template":"","meta":{"_acf_changed":false,"inline_featured_image":false,"footnotes":""},"class_list":["post-1946","page","type-page","status-publish","has-post-thumbnail","hentry"],"acf":[],"_links":{"self":[{"href":"https:\/\/www.ritterhaus.ch\/en\/wp-json\/wp\/v2\/pages\/1946","targetHints":{"allow":["GET"]}}],"collection":[{"href":"https:\/\/www.ritterhaus.ch\/en\/wp-json\/wp\/v2\/pages"}],"about":[{"href":"https:\/\/www.ritterhaus.ch\/en\/wp-json\/wp\/v2\/types\/page"}],"author":[{"embeddable":true,"href":"https:\/\/www.ritterhaus.ch\/en\/wp-json\/wp\/v2\/users\/2"}],"replies":[{"embeddable":true,"href":"https:\/\/www.ritterhaus.ch\/en\/wp-json\/wp\/v2\/comments?post=1946"}],"version-history":[{"count":1,"href":"https:\/\/www.ritterhaus.ch\/en\/wp-json\/wp\/v2\/pages\/1946\/revisions"}],"predecessor-version":[{"id":3477,"href":"https:\/\/www.ritterhaus.ch\/en\/wp-json\/wp\/v2\/pages\/1946\/revisions\/3477"}],"wp:featuredmedia":[{"embeddable":true,"href":"https:\/\/www.ritterhaus.ch\/en\/wp-json\/wp\/v2\/media\/1713"}],"wp:attachment":[{"href":"https:\/\/www.ritterhaus.ch\/en\/wp-json\/wp\/v2\/media?parent=1946"}],"curies":[{"name":"wp","href":"https:\/\/api.w.org\/{rel}","templated":true}]}}